{"id":563,"date":"2020-03-27T15:32:00","date_gmt":"2020-03-27T18:32:00","guid":{"rendered":"http:\/\/yel.npf.temporary.site\/website_035bea76\/home\/"},"modified":"2026-03-27T12:52:20","modified_gmt":"2026-03-27T15:52:20","slug":"sample-page","status":"publish","type":"page","link":"http:\/\/wieder.energy\/en\/","title":{"rendered":"Home"},"content":{"rendered":"\t\t<div data-elementor-type=\"wp-page\" data-elementor-id=\"563\" class=\"elementor elementor-563\">\n\t\t\t\t\t\t<section class=\"elementor-section elementor-top-section elementor-element elementor-element-5baec26 elementor-section-stretched elementor-section-boxed elementor-section-height-default elementor-section-height-default\" data-id=\"5baec26\" data-element_type=\"section\" data-settings=\"{&quot;stretch_section&quot;:&quot;section-stretched&quot;,&quot;background_background&quot;:&quot;classic&quot;}\">\n\t\t\t\t\t\t<div class=\"elementor-container elementor-column-gap-no\">\n\t\t\t\t\t<div class=\"elementor-column elementor-col-100 elementor-top-column elementor-element elementor-element-bd91d2c\" data-id=\"bd91d2c\" data-element_type=\"column\" data-settings=\"{&quot;background_background&quot;:&quot;classic&quot;}\">\n\t\t\t<div class=\"elementor-widget-wrap elementor-element-populated\">\n\t\t\t\t\t\t<section class=\"elementor-section elementor-inner-section elementor-element elementor-element-637a047 elementor-section-boxed elementor-section-height-default elementor-section-height-default\" data-id=\"637a047\" data-element_type=\"section\">\n\t\t\t\t\t\t<div class=\"elementor-container elementor-column-gap-default\">\n\t\t\t\t\t<div class=\"elementor-column elementor-col-100 elementor-inner-column elementor-element elementor-element-8a45f3d\" data-id=\"8a45f3d\" data-element_type=\"column\">\n\t\t\t<div class=\"elementor-widget-wrap elementor-element-populated\">\n\t\t\t\t\t\t<div class=\"elementor-element elementor-element-8bd2160 elementor-widget elementor-widget-text-editor\" data-id=\"8bd2160\" data-element_type=\"widget\" data-widget_type=\"text-editor.default\">\n\t\t\t\t<div class=\"elementor-widget-container\">\n\t\t\t\t\t\t\t\t\t<h2 class=\"themecolor\">Sondas Flushby<\/h2><h4><span style=\"color: #ffffff;\">As sondas flushby s\u00e3o equipamentos utilizados em servi\u00e7os de limpeza e manuten\u00e7\u00e3o em po\u00e7os de petr\u00f3leo e g\u00e1s. S\u00e3o conhecidas por sua robustez e efici\u00eancia, sendo capazes de realizar diversos servi\u00e7os em v\u00e1rios po\u00e7os num s\u00f3 dia. <\/span><\/h4>\t\t\t\t\t\t\t\t<\/div>\n\t\t\t\t<\/div>\n\t\t\t\t\t<\/div>\n\t\t<\/div>\n\t\t\t\t\t<\/div>\n\t\t<\/section>\n\t\t\t\t<section class=\"elementor-section elementor-inner-section elementor-element elementor-element-92e58f2 elementor-section-boxed elementor-section-height-default elementor-section-height-default\" data-id=\"92e58f2\" data-element_type=\"section\">\n\t\t\t\t\t\t<div class=\"elementor-container elementor-column-gap-no\">\n\t\t\t\t\t<div class=\"elementor-column elementor-col-33 elementor-inner-column elementor-element elementor-element-52ac058\" data-id=\"52ac058\" data-element_type=\"column\">\n\t\t\t<div class=\"elementor-widget-wrap elementor-element-populated\">\n\t\t\t\t\t\t<div class=\"elementor-element elementor-element-95dd524 elementor-widget elementor-widget-image\" data-id=\"95dd524\" data-element_type=\"widget\" data-widget_type=\"image.default\">\n\t\t\t\t<div class=\"elementor-widget-container\">\n\t\t\t\t\t\t\t\t\t\t\t\t\t\t\t<img fetchpriority=\"high\" decoding=\"async\" width=\"863\" height=\"1024\" src=\"http:\/\/wieder.energy\/wp-content\/uploads\/2023\/05\/Pieta-6-copiar-863x1024.webp\" class=\"attachment-large size-large wp-image-413\" alt=\"\" srcset=\"http:\/\/wieder.energy\/wp-content\/uploads\/2023\/05\/Pieta-6-copiar-863x1024.webp 863w, http:\/\/wieder.energy\/wp-content\/uploads\/2023\/05\/Pieta-6-copiar-253x300.webp 253w, http:\/\/wieder.energy\/wp-content\/uploads\/2023\/05\/Pieta-6-copiar-768x911.webp 768w, http:\/\/wieder.energy\/wp-content\/uploads\/2023\/05\/Pieta-6-copiar-123x146.webp 123w, http:\/\/wieder.energy\/wp-content\/uploads\/2023\/05\/Pieta-6-copiar-42x50.webp 42w, http:\/\/wieder.energy\/wp-content\/uploads\/2023\/05\/Pieta-6-copiar-63x75.webp 63w, http:\/\/wieder.energy\/wp-content\/uploads\/2023\/05\/Pieta-6-copiar.webp 1000w\" sizes=\"(max-width: 863px) 100vw, 863px\" \/>\t\t\t\t\t\t\t\t\t\t\t\t\t\t\t<\/div>\n\t\t\t\t<\/div>\n\t\t\t\t<div class=\"elementor-element elementor-element-db75e03 elementor-widget elementor-widget-text-editor\" data-id=\"db75e03\" data-element_type=\"widget\" data-widget_type=\"text-editor.default\">\n\t\t\t\t<div class=\"elementor-widget-container\">\n\t\t\t\t\t\t\t\t\t<h5><span style=\"color: #ffffff;\">PIETA<\/span><\/h5>\t\t\t\t\t\t\t\t<\/div>\n\t\t\t\t<\/div>\n\t\t\t\t\t<\/div>\n\t\t<\/div>\n\t\t\t\t<div class=\"elementor-column elementor-col-33 elementor-inner-column elementor-element elementor-element-2069547\" data-id=\"2069547\" data-element_type=\"column\">\n\t\t\t<div class=\"elementor-widget-wrap elementor-element-populated\">\n\t\t\t\t\t\t<div class=\"elementor-element elementor-element-a4aedd8 elementor-widget elementor-widget-image\" data-id=\"a4aedd8\" data-element_type=\"widget\" data-widget_type=\"image.default\">\n\t\t\t\t<div class=\"elementor-widget-container\">\n\t\t\t\t\t\t\t\t\t\t\t\t\t\t\t<img decoding=\"async\" width=\"863\" height=\"1024\" src=\"http:\/\/wieder.energy\/wp-content\/uploads\/2023\/05\/fontana-863x1024.webp\" class=\"attachment-large size-large wp-image-412\" alt=\"\" srcset=\"http:\/\/wieder.energy\/wp-content\/uploads\/2023\/05\/fontana-863x1024.webp 863w, http:\/\/wieder.energy\/wp-content\/uploads\/2023\/05\/fontana-253x300.webp 253w, http:\/\/wieder.energy\/wp-content\/uploads\/2023\/05\/fontana-768x911.webp 768w, http:\/\/wieder.energy\/wp-content\/uploads\/2023\/05\/fontana-123x146.webp 123w, http:\/\/wieder.energy\/wp-content\/uploads\/2023\/05\/fontana-42x50.webp 42w, http:\/\/wieder.energy\/wp-content\/uploads\/2023\/05\/fontana-63x75.webp 63w, http:\/\/wieder.energy\/wp-content\/uploads\/2023\/05\/fontana.webp 1000w\" sizes=\"(max-width: 863px) 100vw, 863px\" \/>\t\t\t\t\t\t\t\t\t\t\t\t\t\t\t<\/div>\n\t\t\t\t<\/div>\n\t\t\t\t<div class=\"elementor-element elementor-element-d12e2a6 elementor-widget elementor-widget-text-editor\" data-id=\"d12e2a6\" data-element_type=\"widget\" data-widget_type=\"text-editor.default\">\n\t\t\t\t<div class=\"elementor-widget-container\">\n\t\t\t\t\t\t\t\t\t<h5><span style=\"color: #ffffff;\">FONTANA<\/span><\/h5>\t\t\t\t\t\t\t\t<\/div>\n\t\t\t\t<\/div>\n\t\t\t\t\t<\/div>\n\t\t<\/div>\n\t\t\t\t<div class=\"elementor-column elementor-col-33 elementor-inner-column elementor-element elementor-element-6aa5017\" data-id=\"6aa5017\" data-element_type=\"column\">\n\t\t\t<div class=\"elementor-widget-wrap elementor-element-populated\">\n\t\t\t\t\t\t<div class=\"elementor-element elementor-element-5e16806 elementor-widget elementor-widget-image\" data-id=\"5e16806\" data-element_type=\"widget\" data-widget_type=\"image.default\">\n\t\t\t\t<div class=\"elementor-widget-container\">\n\t\t\t\t\t\t\t\t\t\t\t\t\t\t\t<img decoding=\"async\" width=\"863\" height=\"1024\" src=\"http:\/\/wieder.energy\/wp-content\/uploads\/2023\/05\/valeta-863x1024.webp\" class=\"attachment-large size-large wp-image-414\" alt=\"\" srcset=\"http:\/\/wieder.energy\/wp-content\/uploads\/2023\/05\/valeta-863x1024.webp 863w, http:\/\/wieder.energy\/wp-content\/uploads\/2023\/05\/valeta-253x300.webp 253w, http:\/\/wieder.energy\/wp-content\/uploads\/2023\/05\/valeta-768x911.webp 768w, http:\/\/wieder.energy\/wp-content\/uploads\/2023\/05\/valeta-123x146.webp 123w, http:\/\/wieder.energy\/wp-content\/uploads\/2023\/05\/valeta-42x50.webp 42w, http:\/\/wieder.energy\/wp-content\/uploads\/2023\/05\/valeta-63x75.webp 63w, http:\/\/wieder.energy\/wp-content\/uploads\/2023\/05\/valeta.webp 1000w\" sizes=\"(max-width: 863px) 100vw, 863px\" \/>\t\t\t\t\t\t\t\t\t\t\t\t\t\t\t<\/div>\n\t\t\t\t<\/div>\n\t\t\t\t<div class=\"elementor-element elementor-element-740aa88 elementor-widget elementor-widget-text-editor\" data-id=\"740aa88\" data-element_type=\"widget\" data-widget_type=\"text-editor.default\">\n\t\t\t\t<div class=\"elementor-widget-container\">\n\t\t\t\t\t\t\t\t\t<h5><span style=\"color: #ffffff;\">VALLETA<\/span><\/h5>\t\t\t\t\t\t\t\t<\/div>\n\t\t\t\t<\/div>\n\t\t\t\t\t<\/div>\n\t\t<\/div>\n\t\t\t\t\t<\/div>\n\t\t<\/section>\n\t\t\t\t<section class=\"elementor-section elementor-inner-section elementor-element elementor-element-10ee6c4 elementor-section-boxed elementor-section-height-default elementor-section-height-default\" data-id=\"10ee6c4\" data-element_type=\"section\">\n\t\t\t\t\t\t<div class=\"elementor-container elementor-column-gap-default\">\n\t\t\t\t\t<div class=\"elementor-column elementor-col-100 elementor-inner-column elementor-element elementor-element-4849f29\" data-id=\"4849f29\" data-element_type=\"column\">\n\t\t\t<div class=\"elementor-widget-wrap elementor-element-populated\">\n\t\t\t\t\t\t<div class=\"elementor-element elementor-element-58536c0 elementor-align-center elementor-widget elementor-widget-button\" data-id=\"58536c0\" data-element_type=\"widget\" data-widget_type=\"button.default\">\n\t\t\t\t<div class=\"elementor-widget-container\">\n\t\t\t\t\t\t\t\t\t<div class=\"elementor-button-wrapper\">\n\t\t\t\t\t<a class=\"elementor-button elementor-button-link elementor-size-sm\" href=\"https:\/\/wieder.energy\/servicos\/\">\n\t\t\t\t\t\t<span class=\"elementor-button-content-wrapper\">\n\t\t\t\t\t\t\t\t\t<span class=\"elementor-button-text\">SAIBA MAIS<\/span>\n\t\t\t\t\t<\/span>\n\t\t\t\t\t<\/a>\n\t\t\t\t<\/div>\n\t\t\t\t\t\t\t\t<\/div>\n\t\t\t\t<\/div>\n\t\t\t\t\t<\/div>\n\t\t<\/div>\n\t\t\t\t\t<\/div>\n\t\t<\/section>\n\t\t\t\t\t<\/div>\n\t\t<\/div>\n\t\t\t\t\t<\/div>\n\t\t<\/section>\n\t\t\t\t<section class=\"elementor-section elementor-top-section elementor-element elementor-element-18bfd71 elementor-section-stretched elementor-section-boxed elementor-section-height-default elementor-section-height-default\" data-id=\"18bfd71\" data-element_type=\"section\" data-settings=\"{&quot;stretch_section&quot;:&quot;section-stretched&quot;}\">\n\t\t\t\t\t\t<div class=\"elementor-container elementor-column-gap-wider\">\n\t\t\t\t\t<div class=\"elementor-column elementor-col-100 elementor-top-column elementor-element elementor-element-a910303\" data-id=\"a910303\" data-element_type=\"column\">\n\t\t\t<div class=\"elementor-widget-wrap elementor-element-populated\">\n\t\t\t\t\t\t<section class=\"elementor-section elementor-inner-section elementor-element elementor-element-dd9fa4d elementor-section-content-middle elementor-section-boxed elementor-section-height-default elementor-section-height-default\" data-id=\"dd9fa4d\" data-element_type=\"section\">\n\t\t\t\t\t\t<div class=\"elementor-container elementor-column-gap-default\">\n\t\t\t\t\t<div class=\"elementor-column elementor-col-50 elementor-inner-column elementor-element elementor-element-3894d5f\" data-id=\"3894d5f\" data-element_type=\"column\">\n\t\t\t<div class=\"elementor-widget-wrap elementor-element-populated\">\n\t\t\t\t\t\t<div class=\"elementor-element elementor-element-3f08883 elementor-widget elementor-widget-image\" data-id=\"3f08883\" data-element_type=\"widget\" data-widget_type=\"image.default\">\n\t\t\t\t<div class=\"elementor-widget-container\">\n\t\t\t\t\t\t\t\t\t\t\t\t\t\t\t<img loading=\"lazy\" decoding=\"async\" width=\"590\" height=\"862\" src=\"http:\/\/wieder.energy\/wp-content\/uploads\/2023\/05\/foto-blog.png\" class=\"attachment-large size-large wp-image-405\" alt=\"\" srcset=\"http:\/\/wieder.energy\/wp-content\/uploads\/2023\/05\/foto-blog.png 590w, http:\/\/wieder.energy\/wp-content\/uploads\/2023\/05\/foto-blog-205x300.png 205w, http:\/\/wieder.energy\/wp-content\/uploads\/2023\/05\/foto-blog-100x146.png 100w, http:\/\/wieder.energy\/wp-content\/uploads\/2023\/05\/foto-blog-34x50.png 34w, http:\/\/wieder.energy\/wp-content\/uploads\/2023\/05\/foto-blog-51x75.png 51w\" sizes=\"(max-width: 590px) 100vw, 590px\" \/>\t\t\t\t\t\t\t\t\t\t\t\t\t\t\t<\/div>\n\t\t\t\t<\/div>\n\t\t\t\t\t<\/div>\n\t\t<\/div>\n\t\t\t\t<div class=\"elementor-column elementor-col-50 elementor-inner-column elementor-element elementor-element-1cca6ad\" data-id=\"1cca6ad\" data-element_type=\"column\">\n\t\t\t<div class=\"elementor-widget-wrap elementor-element-populated\">\n\t\t\t\t\t\t<div class=\"elementor-element elementor-element-7c451cc elementor-widget elementor-widget-text-editor\" data-id=\"7c451cc\" data-element_type=\"widget\" data-widget_type=\"text-editor.default\">\n\t\t\t\t<div class=\"elementor-widget-container\">\n\t\t\t\t\t\t\t\t\t<div><h6 class=\"mining2-heading\">SOBRE A EMPRESA<\/h6><\/div><h2>WIEDER ENERGY<\/h2><p>Nossa miss\u00e3o \u00e9 a atualiza\u00e7\u00e3o e moderniza\u00e7\u00e3o da infraestrutura de \u00d3leo &amp; G\u00e1s, facilitando que nossos clientes utilizem as mais modernas tecnologias, equipamentos e servi\u00e7os<\/p><p>Temos acesso a diversos fornecedores de equipamentos, servi\u00e7os e tecnologias de produ\u00e7\u00e3o onshore, utilizadas nos mercados mais desenvolvidos e maduros do mundo.<\/p><p>A Wieder ter\u00e1, incialmente, 2 linhas principais de neg\u00f3cio: Loca\u00e7\u00e3o de Equipamentos e Servi\u00e7os Especiais. Em ambas, a Wieder entende que existem in\u00fameras oportunidades de atua\u00e7\u00e3o, inclusive em modelos comerciais e financeiros criativos: contratos fixos com pre\u00e7os vari\u00e1veis, contratos guarda-chuva, servi\u00e7os ad-hoc e por chamado, como exemplo.<\/p>\t\t\t\t\t\t\t\t<\/div>\n\t\t\t\t<\/div>\n\t\t\t\t<div class=\"elementor-element elementor-element-a227b08 elementor-widget elementor-widget-button\" data-id=\"a227b08\" data-element_type=\"widget\" data-widget_type=\"button.default\">\n\t\t\t\t<div class=\"elementor-widget-container\">\n\t\t\t\t\t\t\t\t\t<div class=\"elementor-button-wrapper\">\n\t\t\t\t\t<a class=\"elementor-button elementor-button-link elementor-size-sm\" href=\"https:\/\/wieder.energy\/quem-somos\/\">\n\t\t\t\t\t\t<span class=\"elementor-button-content-wrapper\">\n\t\t\t\t\t\t\t\t\t<span class=\"elementor-button-text\">SAIBA MAIS<\/span>\n\t\t\t\t\t<\/span>\n\t\t\t\t\t<\/a>\n\t\t\t\t<\/div>\n\t\t\t\t\t\t\t\t<\/div>\n\t\t\t\t<\/div>\n\t\t\t\t\t<\/div>\n\t\t<\/div>\n\t\t\t\t\t<\/div>\n\t\t<\/section>\n\t\t\t\t\t<\/div>\n\t\t<\/div>\n\t\t\t\t\t<\/div>\n\t\t<\/section>\n\t\t\t\t<section class=\"elementor-section elementor-top-section elementor-element elementor-element-8e944cf elementor-section-stretched elementor-section-boxed elementor-section-height-default elementor-section-height-default\" data-id=\"8e944cf\" data-element_type=\"section\" data-settings=\"{&quot;stretch_section&quot;:&quot;section-stretched&quot;}\">\n\t\t\t\t\t\t<div class=\"elementor-container elementor-column-gap-wider\">\n\t\t\t\t\t<div class=\"elementor-column elementor-col-100 elementor-top-column elementor-element elementor-element-d47ff1b\" data-id=\"d47ff1b\" data-element_type=\"column\">\n\t\t\t<div class=\"elementor-widget-wrap\">\n\t\t\t\t\t\t\t<\/div>\n\t\t<\/div>\n\t\t\t\t\t<\/div>\n\t\t<\/section>\n\t\t\t\t<section class=\"elementor-section elementor-top-section elementor-element elementor-element-67ab6d2 elementor-section-stretched elementor-section-boxed elementor-section-height-default elementor-section-height-default\" data-id=\"67ab6d2\" data-element_type=\"section\" data-settings=\"{&quot;stretch_section&quot;:&quot;section-stretched&quot;,&quot;background_background&quot;:&quot;classic&quot;}\">\n\t\t\t\t\t\t<div class=\"elementor-container elementor-column-gap-wider\">\n\t\t\t\t\t<div class=\"elementor-column elementor-col-100 elementor-top-column elementor-element elementor-element-d83f51a\" data-id=\"d83f51a\" data-element_type=\"column\">\n\t\t\t<div class=\"elementor-widget-wrap elementor-element-populated\">\n\t\t\t\t\t\t<section class=\"elementor-section elementor-inner-section elementor-element elementor-element-0683e97 elementor-section-boxed elementor-section-height-default elementor-section-height-default\" data-id=\"0683e97\" data-element_type=\"section\" data-settings=\"{&quot;background_background&quot;:&quot;classic&quot;}\">\n\t\t\t\t\t\t<div class=\"elementor-container elementor-column-gap-default\">\n\t\t\t\t\t<div class=\"elementor-column elementor-col-100 elementor-inner-column elementor-element elementor-element-00c1aa0\" data-id=\"00c1aa0\" data-element_type=\"column\" data-settings=\"{&quot;background_background&quot;:&quot;classic&quot;}\">\n\t\t\t<div class=\"elementor-widget-wrap elementor-element-populated\">\n\t\t\t\t\t\t<div class=\"elementor-element elementor-element-5984f63 elementor-widget elementor-widget-text-editor\" data-id=\"5984f63\" data-element_type=\"widget\" data-widget_type=\"text-editor.default\">\n\t\t\t\t<div class=\"elementor-widget-container\">\n\t\t\t\t\t\t\t\t\t<h4><span style=\"color: #ffffff;\">Entre em contato<\/span><br \/><span style=\"color: #ffffff;\">conosco<\/span><\/h4><h3 class=\"themecolor\"><span style=\"color: #333333;\">+1 (914) 338-8816<\/span><\/h3><h3 class=\"themecolor\"><span style=\"color: #333333;\"> <a href=\"mailto:contact@wieder.energy\">contact@wieder.energy<\/a><\/span><\/h3>\t\t\t\t\t\t\t\t<\/div>\n\t\t\t\t<\/div>\n\t\t\t\t<div class=\"elementor-element elementor-element-5a42e0e elementor-align-center elementor-widget elementor-widget-button\" data-id=\"5a42e0e\" data-element_type=\"widget\" data-widget_type=\"button.default\">\n\t\t\t\t<div class=\"elementor-widget-container\">\n\t\t\t\t\t\t\t\t\t<div class=\"elementor-button-wrapper\">\n\t\t\t\t\t<a class=\"elementor-button elementor-button-link elementor-size-sm\" href=\"https:\/\/wieder.energy\/contato\/\">\n\t\t\t\t\t\t<span class=\"elementor-button-content-wrapper\">\n\t\t\t\t\t\t\t\t\t<span class=\"elementor-button-text\">ENVIAR MENSAGEM<\/span>\n\t\t\t\t\t<\/span>\n\t\t\t\t\t<\/a>\n\t\t\t\t<\/div>\n\t\t\t\t\t\t\t\t<\/div>\n\t\t\t\t<\/div>\n\t\t\t\t\t<\/div>\n\t\t<\/div>\n\t\t\t\t\t<\/div>\n\t\t<\/section>\n\t\t\t\t\t<\/div>\n\t\t<\/div>\n\t\t\t\t\t<\/div>\n\t\t<\/section>\n\t\t\t\t<\/div>\n\t\t","protected":false},"excerpt":{"rendered":"<p>Sondas Flushby As sondas flushby s\u00e3o equipamentos utilizados em servi\u00e7os de limpeza e manuten\u00e7\u00e3o em po\u00e7os de petr\u00f3leo e g\u00e1s. S\u00e3o conhecidas por sua robustez e<span class=\"excerpt-hellip\"> [\u2026]<\/span><\/p>\n","protected":false},"author":3,"featured_media":0,"parent":0,"menu_order":0,"comment_status":"open","ping_status":"open","template":"","meta":{"footnotes":""},"class_list":["post-563","page","type-page","status-publish","hentry"],"_links":{"self":[{"href":"http:\/\/wieder.energy\/en\/wp-json\/wp\/v2\/pages\/563","targetHints":{"allow":["GET"]}}],"collection":[{"href":"http:\/\/wieder.energy\/en\/wp-json\/wp\/v2\/pages"}],"about":[{"href":"http:\/\/wieder.energy\/en\/wp-json\/wp\/v2\/types\/page"}],"author":[{"embeddable":true,"href":"http:\/\/wieder.energy\/en\/wp-json\/wp\/v2\/users\/3"}],"replies":[{"embeddable":true,"href":"http:\/\/wieder.energy\/en\/wp-json\/wp\/v2\/comments?post=563"}],"version-history":[{"count":20,"href":"http:\/\/wieder.energy\/en\/wp-json\/wp\/v2\/pages\/563\/revisions"}],"predecessor-version":[{"id":717,"href":"http:\/\/wieder.energy\/en\/wp-json\/wp\/v2\/pages\/563\/revisions\/717"}],"wp:attachment":[{"href":"http:\/\/wieder.energy\/en\/wp-json\/wp\/v2\/media?parent=563"}],"curies":[{"name":"wp","href":"https:\/\/api.w.org\/{rel}","templated":true}]}}